{"id":14,"date":"2025-01-24T22:39:18","date_gmt":"2025-01-24T21:39:18","guid":{"rendered":"http:\/\/ionopsi.cluster027.hosting.ovh.net\/?page_id=14"},"modified":"2025-05-31T06:33:29","modified_gmt":"2025-05-31T10:33:29","slug":"entretien-de-lorchidee","status":"publish","type":"page","link":"http:\/\/www.ionopsisclub.com\/index.php\/entretien-de-lorchidee\/","title":{"rendered":"Entretien de l&rsquo;orchid\u00e9e"},"content":{"rendered":"\n<p><img loading=\"lazy\" decoding=\"async\" width=\"605\" height=\"455\" src=\"blob:http:\/\/www.ionopsisclub.com\/47032d73-4125-4787-94d9-51af712c2d21\" alt=\"Une image contenant fruit, concombre\n\nDescription g\u00e9n\u00e9r\u00e9e automatiquement\">LECTURE DES COULEURS ET TACHES DANS LES FEUILLES DES ORCHID\u00c9ES.<\/p>\n\n\n\n<figure class=\"wp-block-image size-full\"><img loading=\"lazy\" decoding=\"async\" width=\"681\" height=\"863\" src=\"https:\/\/www.ionopsisclub.com\/wp-content\/uploads\/2025\/05\/reconnaitre-les-maladies.jpg\" alt=\"\" class=\"wp-image-134\" srcset=\"http:\/\/www.ionopsisclub.com\/wp-content\/uploads\/2025\/05\/reconnaitre-les-maladies.jpg 681w, http:\/\/www.ionopsisclub.com\/wp-content\/uploads\/2025\/05\/reconnaitre-les-maladies-237x300.jpg 237w\" sizes=\"auto, (max-width: 681px) 100vw, 681px\" \/><\/figure>\n\n\n\n<figure class=\"wp-block-image size-large\"><img loading=\"lazy\" decoding=\"async\" width=\"848\" height=\"1024\" src=\"https:\/\/www.ionopsisclub.com\/wp-content\/uploads\/2025\/05\/photo-maladies-plantes-848x1024.jpg\" alt=\"\" class=\"wp-image-136\" srcset=\"http:\/\/www.ionopsisclub.com\/wp-content\/uploads\/2025\/05\/photo-maladies-plantes-848x1024.jpg 848w, http:\/\/www.ionopsisclub.com\/wp-content\/uploads\/2025\/05\/photo-maladies-plantes-248x300.jpg 248w, http:\/\/www.ionopsisclub.com\/wp-content\/uploads\/2025\/05\/photo-maladies-plantes-768x927.jpg 768w, http:\/\/www.ionopsisclub.com\/wp-content\/uploads\/2025\/05\/photo-maladies-plantes.jpg 1050w\" sizes=\"auto, (max-width: 848px) 100vw, 848px\" \/><\/figure>\n\n\n\n<p>Sans aucun doute que la couleur et les taches sur les feuilles d&rsquo;orchid\u00e9es sont importantes pour leur diagnostic.<\/p>\n\n\n\n<p>Voyons si les principales causes :<\/p>\n\n\n\n<p>1) Feuille d&rsquo;orchid\u00e9e noire :<\/p>\n\n\n\n<p>Les orchid\u00e9es qui ont des feuilles de couleur verte fonc\u00e9e semblent tr\u00e8s saines, mais la plante ne fleurit pas. Cela est d\u00fb au manque de lumi\u00e8re. En lui donnant plus d&rsquo;intensit\u00e9 de lumi\u00e8re, il changera d&rsquo;abord la couleur des feuilles, donnant une teinte plus jaun\u00e2tre et favorisant la floraison. Une remarque \u00e0 faire c&rsquo;est qu&rsquo;en ayant deux g\u00e9n\u00e9ros ensemble comme Phalaenopsis et Cattleya recevant la m\u00eame intensit\u00e9 lumineuse tu te demandes : pourquoi l&rsquo;une fleurit et l&rsquo;autre non ? La r\u00e9ponse est simple, Phalaenopsis fleurira, car elle a besoin de beaucoup moins de lumi\u00e8re que Cattleya, laquelle ne r\u00e9pond pas avec des fleurs. C &lsquo; est parce que chaque esp\u00e8ce d&rsquo;orchid\u00e9e a besoin d&rsquo;une certaine intensit\u00e9 lumineuse pour s&rsquo;\u00e9panouir.<\/p>\n\n\n\n<p>2) Orchid\u00e9e avec des feuilles fan\u00e9es : Ce qui doit se passer, c&rsquo;est qu&rsquo;elle n&rsquo;absorbe pas assez d&rsquo;eau par les racines.<\/p>\n\n\n\n<p>V\u00e9rifiez les racines et voyez si elles sont abondantes, saines, fermes et blancs. Les racines sombres sont un signe qu&rsquo;elles sont malades ou mortes.<\/p>\n\n\n\n<p>3) Orchid\u00e9e \u00e0 feuilles jaunes (chlorose) : L &lsquo; exc\u00e8s de lumi\u00e8re est une des causes de la coloration jaun\u00e2tre des feuilles. Dans ce cas, la plante doit \u00eatre transf\u00e9r\u00e9e dans un endroit moins lumineux. La d\u00e9ficience en azote est une autre cause. La d\u00e9ficience provoque le jaunissement des feuilles. Les engrais riches en azote inverseront la cause.<\/p>\n\n\n\n<p>4) Orchid\u00e9e avec des feuilles avec des pointes br\u00fbl\u00e9es et jaun\u00e2tres : C &lsquo; est d\u00fb \u00e0 l&rsquo;exc\u00e8s de sels que ce soit dans le milieu de culture ou dans les engrais foliaires. Il provoque la mort des racines de l&rsquo;usine, ce qui s&rsquo;effondre dans l&rsquo;alimentation des feuilles et des nutriments.<\/p>\n\n\n\n<p>Orchid\u00e9e avec des feuilles jaunes et celles qui tombent ensuite : la principale cause de la chute des feuilles des orchid\u00e9es est par infection aux champignons, suite \u00e0 une irrigation excessive ou \u00e0 une humidit\u00e9 \u00e9lev\u00e9e de l&rsquo;air.<\/p>\n\n\n\n<p>5) Orchid\u00e9e avec des feuilles avec des taches sombres en forme de rayures : celles-ci sont caus\u00e9es par une s\u00e9rie de probl\u00e8mes culturels ou par des virus.<\/p>\n\n\n\n<p>Si la cause \u00e9tait \u00e0 cause d&rsquo;un virus, celui-ci pourrait g\u00e9n\u00e9rerce s&rsquo;il n&rsquo;y a pas de bonne asepsie dans la culture, comme la r\u00e9utilisation de l&rsquo;eau d&rsquo;irrigation, qui est \u00e0 son tour le v\u00e9hicule de contagion du virus ou par des outils qui ne sont pas st\u00e9rilis\u00e9s dans le entre les plantes. Le virus peut aussi \u00eatre propag\u00e9 par des insectes, des \u00e9claboussures d&rsquo;eau et un outil de coupe. Il n&rsquo;y a pas de rem\u00e8de contre la virose.<\/p>\n\n\n\n<p>6) Orchid\u00e9e aux feuilles rouges : celles-ci sont caus\u00e9es par des champignons Fusarium \u00e0 Phalaenopsis et ses hybrides, elles se caract\u00e9risent \u00e9galement par de petites blessures de couleur brun jaun\u00e2tre aux racines. Les zones color\u00e9es augmentent de taille \u00e0 mesure que les taches de pourriture s\u00e8che apparaissent avec leurs contraintes typiques. Les plus jeunes feuilles de Phalaenopsis deviennent extr\u00eamement rouges, chloroses et enfin les feuilles tombent et la plante commence \u00e0 mourir. Les plus vieilles feuilles deviennent souvent courantes et s\u00e8ches. Dans certaines vari\u00e9t\u00e9s, le champignon Fusarium peut aussi endommager la tige de la fleur, produisant des taches sombres et s\u00e9ch\u00e9es, les fleurs tombent pr\u00e9matur\u00e9ment. Sur Paphiopedilum, l&rsquo;infection affecte g\u00e9n\u00e9ralement les sites d&rsquo;insertion de la racine et la base de la feuille.<\/p>\n\n\n\n<p>7) Orchid\u00e9e avec des taches noires sur les feuilles : elles sont caus\u00e9es par une intensit\u00e9 lumineuse excessive, de couleur paillette lorsque l\u00e9g\u00e8re et sombres par n\u00e9crose du tissu foliaire quand excessive. Ce sont les coups de soleil typiques.<\/p>\n\n\n\n<p>La plupart des orchid\u00e9es ne sont pas compatibles avec le soleil direct.<\/p>\n\n\n\n<p>8) Taches : humides, bruns, de mauvaises odeurs, aussi appel\u00e9es pourriture aqueuse, sont caus\u00e9es par des bact\u00e9ries du genre Erwuinia. Les feuilles individuelles peuvent \u00eatre d\u00e9tach\u00e9es \u00e0 partir du fourreau de la feuille.<\/p>\n\n\n\n<p>Ce sont des causes pr\u00e9disposantes : haute humidit\u00e9 relative, beaucoup d&rsquo;irrigation, manque de ventilation et d&rsquo;\u00e9clairage, blessures dans les plantes.<\/p>\n\n\n\n<p>Le traitement consiste \u00e0 \u00e9liminer les parties concern\u00e9es et l&rsquo;utilisation de bact\u00e9ricides.<\/p>\n\n\n\n<p>Vous \u00eates autoris\u00e9 \u00e0 le partager.<\/p>\n\n\n\n<p>Pour voir plus de publications de moi, vous pouvez le faire :<\/p>\n\n\n\n<p>Facebook : Pedro Boggiatto<\/p>\n\n\n\n<p>Instagram : pierre _ 20 _ 18<\/p>\n\n\n\n<p>Youtube : APPRENANT DES ORCHID\u00c9ES AVEC L &lsquo; ING\u00c9NIER BOGGIATTO<\/p>\n\n\n\n<p>Ing. Ing. Pedro Boggiatto.<\/p>\n\n\n\n<p>Tucum\u00e1n, Argentine.<\/p>\n","protected":false},"excerpt":{"rendered":"<p>LECTURE DES COULEURS ET TACHES DANS LES FEUILLES DES ORCHID\u00c9ES. Sans aucun doute que la couleur et les taches sur les feuilles d&rsquo;orchid\u00e9es sont importantes pour leur diagnostic. Voyons si les principales causes : 1) Feuille d&rsquo;orchid\u00e9e noire : Les orchid\u00e9es qui ont des feuilles de couleur verte fonc\u00e9e semblent tr\u00e8s saines, mais la plante [&hellip;]<\/p>\n","protected":false},"author":1,"featured_media":0,"parent":0,"menu_order":0,"comment_status":"closed","ping_status":"closed","template":"","meta":{"footnotes":""},"class_list":["post-14","page","type-page","status-publish","hentry"],"_links":{"self":[{"href":"http:\/\/www.ionopsisclub.com\/index.php\/wp-json\/wp\/v2\/pages\/14","targetHints":{"allow":["GET"]}}],"collection":[{"href":"http:\/\/www.ionopsisclub.com\/index.php\/wp-json\/wp\/v2\/pages"}],"about":[{"href":"http:\/\/www.ionopsisclub.com\/index.php\/wp-json\/wp\/v2\/types\/page"}],"author":[{"embeddable":true,"href":"http:\/\/www.ionopsisclub.com\/index.php\/wp-json\/wp\/v2\/users\/1"}],"replies":[{"embeddable":true,"href":"http:\/\/www.ionopsisclub.com\/index.php\/wp-json\/wp\/v2\/comments?post=14"}],"version-history":[{"count":5,"href":"http:\/\/www.ionopsisclub.com\/index.php\/wp-json\/wp\/v2\/pages\/14\/revisions"}],"predecessor-version":[{"id":137,"href":"http:\/\/www.ionopsisclub.com\/index.php\/wp-json\/wp\/v2\/pages\/14\/revisions\/137"}],"wp:attachment":[{"href":"http:\/\/www.ionopsisclub.com\/index.php\/wp-json\/wp\/v2\/media?parent=14"}],"curies":[{"name":"wp","href":"https:\/\/api.w.org\/{rel}","templated":true}]}}